{"id":67653,"date":"2026-03-11T08:06:35","date_gmt":"2026-03-11T08:06:35","guid":{"rendered":"https:\/\/www.edgenexus.io\/obrigado-a-voce-waf\/"},"modified":"2026-03-11T08:06:36","modified_gmt":"2026-03-11T08:06:36","slug":"obrigado-a-voce-waf","status":"publish","type":"page","link":"https:\/\/www.edgenexus.io\/pt-br\/obrigado-a-voce-waf\/","title":{"rendered":"Obrigado a voc\u00ea, WAF"},"content":{"rendered":"\t\t<div data-elementor-type=\"wp-page\" data-elementor-id=\"67653\" class=\"elementor elementor-67653 elementor-67615\" data-elementor-settings=\"{&quot;ha_cmc_init_switcher&quot;:&quot;no&quot;}\" data-elementor-post-type=\"page\">\n\t\t\t\t<div class=\"elementor-element elementor-element-69faf2d e-flex e-con-boxed e-con e-parent\" data-id=\"69faf2d\" data-element_type=\"container\" data-e-type=\"container\" data-settings=\"{&quot;_ha_eqh_enable&quot;:false}\">\n\t\t\t\t\t<div class=\"e-con-inner\">\n\t\t\t\t<div class=\"elementor-element elementor-element-bc7f9cd elementor-widget elementor-widget-heading\" data-id=\"bc7f9cd\" data-element_type=\"widget\" data-e-type=\"widget\" data-widget_type=\"heading.default\">\n\t\t\t\t<div class=\"elementor-widget-container\">\n\t\t\t\t\t<h2 class=\"elementor-heading-title elementor-size-default\">Obrigado por sua consulta.<\/h2>\t\t\t\t<\/div>\n\t\t\t\t<\/div>\n\t\t\t\t<div class=\"elementor-element elementor-element-1b2005d elementor-widget elementor-widget-text-editor\" data-id=\"1b2005d\" data-element_type=\"widget\" data-e-type=\"widget\" data-widget_type=\"text-editor.default\">\n\t\t\t\t<div class=\"elementor-widget-container\">\n\t\t\t\t\t\t\t\t\t<p data-start=\"351\" data-end=\"485\">Sua solicita\u00e7\u00e3o foi enviada com sucesso e um membro da equipe da Edgenexus entrar\u00e1 em contato em breve para discutir suas necessidades.<\/p><p data-start=\"487\" data-end=\"584\">Enquanto isso, fique \u00e0 vontade para explorar mais sobre nossas solu\u00e7\u00f5es de seguran\u00e7a e fornecimento de aplicativos.<\/p>\t\t\t\t\t\t\t\t<\/div>\n\t\t\t\t<\/div>\n\t\t\t\t\t<\/div>\n\t\t\t\t<\/div>\n\t\t<div class=\"elementor-element elementor-element-330133f e-grid e-con-boxed e-con e-parent\" data-id=\"330133f\" data-element_type=\"container\" data-e-type=\"container\" data-settings=\"{&quot;_ha_eqh_enable&quot;:false}\">\n\t\t\t\t\t<div class=\"e-con-inner\">\n\t\t\t\t<div class=\"elementor-element elementor-element-db617be elementor-widget elementor-widget-image\" data-id=\"db617be\" data-element_type=\"widget\" data-e-type=\"widget\" data-widget_type=\"image.default\">\n\t\t\t\t<div class=\"elementor-widget-container\">\n\t\t\t\t\t\t\t\t\t\t\t\t\t\t\t<img fetchpriority=\"high\" decoding=\"async\" width=\"800\" height=\"600\" src=\"https:\/\/www.edgenexus.io\/wp-content\/uploads\/2026\/03\/Edgenexus-WAF.png\" class=\"attachment-large size-large wp-image-67623\" alt=\"\" srcset=\"https:\/\/www.edgenexus.io\/wp-content\/uploads\/2026\/03\/Edgenexus-WAF.png 800w, https:\/\/www.edgenexus.io\/wp-content\/uploads\/2026\/03\/Edgenexus-WAF-400x300.png 400w, https:\/\/www.edgenexus.io\/wp-content\/uploads\/2026\/03\/Edgenexus-WAF-768x576.png 768w\" sizes=\"(max-width: 800px) 100vw, 800px\" \/>\t\t\t\t\t\t\t\t\t\t\t\t\t\t\t<\/div>\n\t\t\t\t<\/div>\n\t\t\t\t\t<\/div>\n\t\t\t\t<\/div>\n\t\t\t\t<\/div>\n\t\t","protected":false},"excerpt":{"rendered":"<p>Obrigado por sua consulta. Sua solicita\u00e7\u00e3o foi enviada com sucesso e um membro da equipe da Edgenexus entrar\u00e1 em contato em breve para discutir suas necessidades. Enquanto isso, fique \u00e0 vontade para explorar mais sobre nossas solu\u00e7\u00f5es de seguran\u00e7a e fornecimento de aplicativos.<\/p>\n","protected":false},"author":42,"featured_media":0,"parent":0,"menu_order":0,"comment_status":"closed","ping_status":"closed","template":"elementor_header_footer","meta":{"inline_featured_image":false,"footnotes":""},"class_list":["post-67653","page","type-page","status-publish","hentry"],"yoast_head":"<!-- This site is optimized with the Yoast SEO Premium plugin v25.1 (Yoast SEO v27.1.1) - https:\/\/yoast.com\/product\/yoast-seo-premium-wordpress\/ -->\n<title>Obrigado a voc\u00ea, WAF - Edgenexus load balancers and Application Security<\/title>\n<meta name=\"robots\" content=\"index, follow, max-snippet:-1, max-image-preview:large, max-video-preview:-1\" \/>\n<link rel=\"canonical\" href=\"https:\/\/www.edgenexus.io\/pt-br\/obrigado-a-voce-waf\/\" \/>\n<script type=\"application\/ld+json\" class=\"yoast-schema-graph\">{\"@context\":\"https:\/\/schema.org\",\"@graph\":[{\"@type\":\"WebPage\",\"@id\":\"https:\/\/www.edgenexus.io\/pt-br\/obrigado-a-voce-waf\/\",\"url\":\"https:\/\/www.edgenexus.io\/pt-br\/obrigado-a-voce-waf\/\",\"name\":\"Obrigado a voc\u00ea, WAF - Edgenexus load balancers and Application Security\",\"isPartOf\":{\"@id\":\"https:\/\/www.edgenexus.io\/zh-hans\/#website\"},\"primaryImageOfPage\":{\"@id\":\"https:\/\/www.edgenexus.io\/pt-br\/obrigado-a-voce-waf\/#primaryimage\"},\"image\":{\"@id\":\"https:\/\/www.edgenexus.io\/pt-br\/obrigado-a-voce-waf\/#primaryimage\"},\"thumbnailUrl\":\"https:\/\/www.edgenexus.io\/wp-content\/uploads\/2026\/03\/Edgenexus-WAF.png\",\"datePublished\":\"2026-03-11T08:06:35+00:00\",\"dateModified\":\"2026-03-11T08:06:36+00:00\",\"breadcrumb\":{\"@id\":\"https:\/\/www.edgenexus.io\/pt-br\/obrigado-a-voce-waf\/#breadcrumb\"},\"inLanguage\":\"pt-BR\",\"potentialAction\":[{\"@type\":\"ReadAction\",\"target\":[\"https:\/\/www.edgenexus.io\/pt-br\/obrigado-a-voce-waf\/\"]}]},{\"@type\":\"ImageObject\",\"inLanguage\":\"pt-BR\",\"@id\":\"https:\/\/www.edgenexus.io\/pt-br\/obrigado-a-voce-waf\/#primaryimage\",\"url\":\"https:\/\/www.edgenexus.io\/wp-content\/uploads\/2026\/03\/Edgenexus-WAF.png\",\"contentUrl\":\"https:\/\/www.edgenexus.io\/wp-content\/uploads\/2026\/03\/Edgenexus-WAF.png\"},{\"@type\":\"BreadcrumbList\",\"@id\":\"https:\/\/www.edgenexus.io\/pt-br\/obrigado-a-voce-waf\/#breadcrumb\",\"itemListElement\":[{\"@type\":\"ListItem\",\"position\":1,\"name\":\"Home\",\"item\":\"https:\/\/www.edgenexus.io\/pt-br\/edgenexus-balanceamento-de-carga-adc-waf-e-gslb\/\"},{\"@type\":\"ListItem\",\"position\":2,\"name\":\"Obrigado a voc\u00ea, WAF\"}]},{\"@type\":\"WebSite\",\"@id\":\"https:\/\/www.edgenexus.io\/zh-hans\/#website\",\"url\":\"https:\/\/www.edgenexus.io\/zh-hans\/\",\"name\":\"Edgenexus load balancers and Application Security\",\"description\":\"Edgenexus Load Balancers, ADC and Web application Firewalls (WAF)\",\"publisher\":{\"@id\":\"https:\/\/www.edgenexus.io\/zh-hans\/#organization\"},\"alternateName\":\"Load balancers and Web application firewall\",\"potentialAction\":[{\"@type\":\"SearchAction\",\"target\":{\"@type\":\"EntryPoint\",\"urlTemplate\":\"https:\/\/www.edgenexus.io\/zh-hans\/?s={search_term_string}\"},\"query-input\":{\"@type\":\"PropertyValueSpecification\",\"valueRequired\":true,\"valueName\":\"search_term_string\"}}],\"inLanguage\":\"pt-BR\"},{\"@type\":\"Organization\",\"@id\":\"https:\/\/www.edgenexus.io\/zh-hans\/#organization\",\"name\":\"Edgenexus\",\"url\":\"https:\/\/www.edgenexus.io\/zh-hans\/\",\"logo\":{\"@type\":\"ImageObject\",\"inLanguage\":\"pt-BR\",\"@id\":\"https:\/\/www.edgenexus.io\/zh-hans\/#\/schema\/logo\/image\/\",\"url\":\"https:\/\/www.edgenexus.io\/wp-content\/uploads\/2023\/09\/edgenexus-adc-sq-transparentAsset-7.png\",\"contentUrl\":\"https:\/\/www.edgenexus.io\/wp-content\/uploads\/2023\/09\/edgenexus-adc-sq-transparentAsset-7.png\",\"width\":903,\"height\":921,\"caption\":\"Edgenexus\"},\"image\":{\"@id\":\"https:\/\/www.edgenexus.io\/zh-hans\/#\/schema\/logo\/image\/\"},\"sameAs\":[\"https:\/\/www.facebook.com\/edgenexusio\",\"https:\/\/x.com\/edgenexusio\",\"https:\/\/www.linkedin.com\/company\/edgenexus\/\"]}]}<\/script>\n<!-- \/ Yoast SEO Premium plugin. -->","yoast_head_json":{"title":"Obrigado a voc\u00ea, WAF - Edgenexus load balancers and Application Security","robots":{"index":"index","follow":"follow","max-snippet":"max-snippet:-1","max-image-preview":"max-image-preview:large","max-video-preview":"max-video-preview:-1"},"canonical":"https:\/\/www.edgenexus.io\/pt-br\/obrigado-a-voce-waf\/","schema":{"@context":"https:\/\/schema.org","@graph":[{"@type":"WebPage","@id":"https:\/\/www.edgenexus.io\/pt-br\/obrigado-a-voce-waf\/","url":"https:\/\/www.edgenexus.io\/pt-br\/obrigado-a-voce-waf\/","name":"Obrigado a voc\u00ea, WAF - Edgenexus load balancers and Application Security","isPartOf":{"@id":"https:\/\/www.edgenexus.io\/zh-hans\/#website"},"primaryImageOfPage":{"@id":"https:\/\/www.edgenexus.io\/pt-br\/obrigado-a-voce-waf\/#primaryimage"},"image":{"@id":"https:\/\/www.edgenexus.io\/pt-br\/obrigado-a-voce-waf\/#primaryimage"},"thumbnailUrl":"https:\/\/www.edgenexus.io\/wp-content\/uploads\/2026\/03\/Edgenexus-WAF.png","datePublished":"2026-03-11T08:06:35+00:00","dateModified":"2026-03-11T08:06:36+00:00","breadcrumb":{"@id":"https:\/\/www.edgenexus.io\/pt-br\/obrigado-a-voce-waf\/#breadcrumb"},"inLanguage":"pt-BR","potentialAction":[{"@type":"ReadAction","target":["https:\/\/www.edgenexus.io\/pt-br\/obrigado-a-voce-waf\/"]}]},{"@type":"ImageObject","inLanguage":"pt-BR","@id":"https:\/\/www.edgenexus.io\/pt-br\/obrigado-a-voce-waf\/#primaryimage","url":"https:\/\/www.edgenexus.io\/wp-content\/uploads\/2026\/03\/Edgenexus-WAF.png","contentUrl":"https:\/\/www.edgenexus.io\/wp-content\/uploads\/2026\/03\/Edgenexus-WAF.png"},{"@type":"BreadcrumbList","@id":"https:\/\/www.edgenexus.io\/pt-br\/obrigado-a-voce-waf\/#breadcrumb","itemListElement":[{"@type":"ListItem","position":1,"name":"Home","item":"https:\/\/www.edgenexus.io\/pt-br\/edgenexus-balanceamento-de-carga-adc-waf-e-gslb\/"},{"@type":"ListItem","position":2,"name":"Obrigado a voc\u00ea, WAF"}]},{"@type":"WebSite","@id":"https:\/\/www.edgenexus.io\/zh-hans\/#website","url":"https:\/\/www.edgenexus.io\/zh-hans\/","name":"Edgenexus load balancers and Application Security","description":"Edgenexus Load Balancers, ADC and Web application Firewalls (WAF)","publisher":{"@id":"https:\/\/www.edgenexus.io\/zh-hans\/#organization"},"alternateName":"Load balancers and Web application firewall","potentialAction":[{"@type":"SearchAction","target":{"@type":"EntryPoint","urlTemplate":"https:\/\/www.edgenexus.io\/zh-hans\/?s={search_term_string}"},"query-input":{"@type":"PropertyValueSpecification","valueRequired":true,"valueName":"search_term_string"}}],"inLanguage":"pt-BR"},{"@type":"Organization","@id":"https:\/\/www.edgenexus.io\/zh-hans\/#organization","name":"Edgenexus","url":"https:\/\/www.edgenexus.io\/zh-hans\/","logo":{"@type":"ImageObject","inLanguage":"pt-BR","@id":"https:\/\/www.edgenexus.io\/zh-hans\/#\/schema\/logo\/image\/","url":"https:\/\/www.edgenexus.io\/wp-content\/uploads\/2023\/09\/edgenexus-adc-sq-transparentAsset-7.png","contentUrl":"https:\/\/www.edgenexus.io\/wp-content\/uploads\/2023\/09\/edgenexus-adc-sq-transparentAsset-7.png","width":903,"height":921,"caption":"Edgenexus"},"image":{"@id":"https:\/\/www.edgenexus.io\/zh-hans\/#\/schema\/logo\/image\/"},"sameAs":["https:\/\/www.facebook.com\/edgenexusio","https:\/\/x.com\/edgenexusio","https:\/\/www.linkedin.com\/company\/edgenexus\/"]}]}},"_links":{"self":[{"href":"https:\/\/www.edgenexus.io\/pt-br\/wp-json\/wp\/v2\/pages\/67653","targetHints":{"allow":["GET"]}}],"collection":[{"href":"https:\/\/www.edgenexus.io\/pt-br\/wp-json\/wp\/v2\/pages"}],"about":[{"href":"https:\/\/www.edgenexus.io\/pt-br\/wp-json\/wp\/v2\/types\/page"}],"author":[{"embeddable":true,"href":"https:\/\/www.edgenexus.io\/pt-br\/wp-json\/wp\/v2\/users\/42"}],"replies":[{"embeddable":true,"href":"https:\/\/www.edgenexus.io\/pt-br\/wp-json\/wp\/v2\/comments?post=67653"}],"version-history":[{"count":1,"href":"https:\/\/www.edgenexus.io\/pt-br\/wp-json\/wp\/v2\/pages\/67653\/revisions"}],"predecessor-version":[{"id":67654,"href":"https:\/\/www.edgenexus.io\/pt-br\/wp-json\/wp\/v2\/pages\/67653\/revisions\/67654"}],"wp:attachment":[{"href":"https:\/\/www.edgenexus.io\/pt-br\/wp-json\/wp\/v2\/media?parent=67653"}],"curies":[{"name":"wp","href":"https:\/\/api.w.org\/{rel}","templated":true}]}}