{"id":65535,"date":"2025-10-21T10:44:22","date_gmt":"2025-10-21T10:44:22","guid":{"rendered":"https:\/\/www.edgenexus.io\/sucesso-na-precificacao-da-adc\/"},"modified":"2025-10-21T10:44:23","modified_gmt":"2025-10-21T10:44:23","slug":"sucesso-na-precificacao-da-adc","status":"publish","type":"page","link":"https:\/\/www.edgenexus.io\/pt-br\/sucesso-na-precificacao-da-adc\/","title":{"rendered":"Sucesso na precifica\u00e7\u00e3o da ADC"},"content":{"rendered":"\t\t<div data-elementor-type=\"wp-page\" data-elementor-id=\"65535\" class=\"elementor elementor-65535 elementor-65521\" data-elementor-settings=\"{&quot;ha_cmc_init_switcher&quot;:&quot;no&quot;}\" data-elementor-post-type=\"page\">\n\t\t\t\t<div class=\"elementor-element elementor-element-69faf2d e-flex e-con-boxed e-con e-parent\" data-id=\"69faf2d\" data-element_type=\"container\" data-e-type=\"container\" data-settings=\"{&quot;_ha_eqh_enable&quot;:false}\">\n\t\t\t\t\t<div class=\"e-con-inner\">\n\t\t\t\t<div class=\"elementor-element elementor-element-bc7f9cd elementor-widget elementor-widget-heading\" data-id=\"bc7f9cd\" data-element_type=\"widget\" data-e-type=\"widget\" data-widget_type=\"heading.default\">\n\t\t\t\t<div class=\"elementor-widget-container\">\n\t\t\t\t\t<h2 class=\"elementor-heading-title elementor-size-default\">Obrigado a voc\u00ea - estamos trabalhando nisso.<\/h2>\t\t\t\t<\/div>\n\t\t\t\t<\/div>\n\t\t\t\t<div class=\"elementor-element elementor-element-1b2005d elementor-widget elementor-widget-text-editor\" data-id=\"1b2005d\" data-element_type=\"widget\" data-e-type=\"widget\" data-widget_type=\"text-editor.default\">\n\t\t\t\t<div class=\"elementor-widget-container\">\n\t\t\t\t\t\t\t\t\t<p>Sua solicita\u00e7\u00e3o de pre\u00e7os do Edge ADC foi recebida. Nossa equipe entrar\u00e1 em contato com voc\u00ea em breve para definir as pr\u00f3ximas etapas. <br><br data-start=\"1228\" data-end=\"1231\">Fique de olho na sua caixa de entrada para ver se h\u00e1 algum e-mail dele e verifique a pasta de spam, para garantir.<\/p>\t\t\t\t\t\t\t\t<\/div>\n\t\t\t\t<\/div>\n\t\t\t\t\t<\/div>\n\t\t\t\t<\/div>\n\t\t\t\t<\/div>\n\t\t","protected":false},"excerpt":{"rendered":"<p>Obrigado a voc\u00ea &#8211; estamos trabalhando nisso. Sua solicita\u00e7\u00e3o de pre\u00e7os do Edge ADC foi recebida. Nossa equipe entrar\u00e1 em contato com voc\u00ea em breve para definir as pr\u00f3ximas etapas. Fique de olho na sua caixa de entrada para ver se h\u00e1 algum e-mail dele e verifique a pasta de spam, para garantir.<\/p>\n","protected":false},"author":42,"featured_media":0,"parent":0,"menu_order":0,"comment_status":"closed","ping_status":"closed","template":"elementor_header_footer","meta":{"inline_featured_image":false,"footnotes":""},"class_list":["post-65535","page","type-page","status-publish","hentry"],"yoast_head":"<!-- This site is optimized with the Yoast SEO Premium plugin v25.1 (Yoast SEO v27.1.1) - https:\/\/yoast.com\/product\/yoast-seo-premium-wordpress\/ -->\n<title>Sucesso na precifica\u00e7\u00e3o da ADC - Edgenexus load balancers and Application Security<\/title>\n<meta name=\"robots\" content=\"index, follow, max-snippet:-1, max-image-preview:large, max-video-preview:-1\" \/>\n<link rel=\"canonical\" href=\"https:\/\/www.edgenexus.io\/pt-br\/sucesso-na-precificacao-da-adc\/\" \/>\n<script type=\"application\/ld+json\" class=\"yoast-schema-graph\">{\"@context\":\"https:\/\/schema.org\",\"@graph\":[{\"@type\":\"WebPage\",\"@id\":\"https:\/\/www.edgenexus.io\/pt-br\/sucesso-na-precificacao-da-adc\/\",\"url\":\"https:\/\/www.edgenexus.io\/pt-br\/sucesso-na-precificacao-da-adc\/\",\"name\":\"Sucesso na precifica\u00e7\u00e3o da ADC - Edgenexus load balancers and Application Security\",\"isPartOf\":{\"@id\":\"https:\/\/www.edgenexus.io\/zh-hans\/#website\"},\"datePublished\":\"2025-10-21T10:44:22+00:00\",\"dateModified\":\"2025-10-21T10:44:23+00:00\",\"breadcrumb\":{\"@id\":\"https:\/\/www.edgenexus.io\/pt-br\/sucesso-na-precificacao-da-adc\/#breadcrumb\"},\"inLanguage\":\"pt-BR\",\"potentialAction\":[{\"@type\":\"ReadAction\",\"target\":[\"https:\/\/www.edgenexus.io\/pt-br\/sucesso-na-precificacao-da-adc\/\"]}]},{\"@type\":\"BreadcrumbList\",\"@id\":\"https:\/\/www.edgenexus.io\/pt-br\/sucesso-na-precificacao-da-adc\/#breadcrumb\",\"itemListElement\":[{\"@type\":\"ListItem\",\"position\":1,\"name\":\"Home\",\"item\":\"https:\/\/www.edgenexus.io\/pt-br\/edgenexus-balanceamento-de-carga-adc-waf-e-gslb\/\"},{\"@type\":\"ListItem\",\"position\":2,\"name\":\"Sucesso na precifica\u00e7\u00e3o da ADC\"}]},{\"@type\":\"WebSite\",\"@id\":\"https:\/\/www.edgenexus.io\/zh-hans\/#website\",\"url\":\"https:\/\/www.edgenexus.io\/zh-hans\/\",\"name\":\"Edgenexus load balancers and Application Security\",\"description\":\"Edgenexus Load Balancers, ADC and Web application Firewalls (WAF)\",\"publisher\":{\"@id\":\"https:\/\/www.edgenexus.io\/zh-hans\/#organization\"},\"alternateName\":\"Load balancers and Web application firewall\",\"potentialAction\":[{\"@type\":\"SearchAction\",\"target\":{\"@type\":\"EntryPoint\",\"urlTemplate\":\"https:\/\/www.edgenexus.io\/zh-hans\/?s={search_term_string}\"},\"query-input\":{\"@type\":\"PropertyValueSpecification\",\"valueRequired\":true,\"valueName\":\"search_term_string\"}}],\"inLanguage\":\"pt-BR\"},{\"@type\":\"Organization\",\"@id\":\"https:\/\/www.edgenexus.io\/zh-hans\/#organization\",\"name\":\"Edgenexus\",\"url\":\"https:\/\/www.edgenexus.io\/zh-hans\/\",\"logo\":{\"@type\":\"ImageObject\",\"inLanguage\":\"pt-BR\",\"@id\":\"https:\/\/www.edgenexus.io\/zh-hans\/#\/schema\/logo\/image\/\",\"url\":\"https:\/\/www.edgenexus.io\/wp-content\/uploads\/2023\/09\/edgenexus-adc-sq-transparentAsset-7.png\",\"contentUrl\":\"https:\/\/www.edgenexus.io\/wp-content\/uploads\/2023\/09\/edgenexus-adc-sq-transparentAsset-7.png\",\"width\":903,\"height\":921,\"caption\":\"Edgenexus\"},\"image\":{\"@id\":\"https:\/\/www.edgenexus.io\/zh-hans\/#\/schema\/logo\/image\/\"},\"sameAs\":[\"https:\/\/www.facebook.com\/edgenexusio\",\"https:\/\/x.com\/edgenexusio\",\"https:\/\/www.linkedin.com\/company\/edgenexus\/\"]}]}<\/script>\n<!-- \/ Yoast SEO Premium plugin. -->","yoast_head_json":{"title":"Sucesso na precifica\u00e7\u00e3o da ADC - Edgenexus load balancers and Application Security","robots":{"index":"index","follow":"follow","max-snippet":"max-snippet:-1","max-image-preview":"max-image-preview:large","max-video-preview":"max-video-preview:-1"},"canonical":"https:\/\/www.edgenexus.io\/pt-br\/sucesso-na-precificacao-da-adc\/","schema":{"@context":"https:\/\/schema.org","@graph":[{"@type":"WebPage","@id":"https:\/\/www.edgenexus.io\/pt-br\/sucesso-na-precificacao-da-adc\/","url":"https:\/\/www.edgenexus.io\/pt-br\/sucesso-na-precificacao-da-adc\/","name":"Sucesso na precifica\u00e7\u00e3o da ADC - Edgenexus load balancers and Application Security","isPartOf":{"@id":"https:\/\/www.edgenexus.io\/zh-hans\/#website"},"datePublished":"2025-10-21T10:44:22+00:00","dateModified":"2025-10-21T10:44:23+00:00","breadcrumb":{"@id":"https:\/\/www.edgenexus.io\/pt-br\/sucesso-na-precificacao-da-adc\/#breadcrumb"},"inLanguage":"pt-BR","potentialAction":[{"@type":"ReadAction","target":["https:\/\/www.edgenexus.io\/pt-br\/sucesso-na-precificacao-da-adc\/"]}]},{"@type":"BreadcrumbList","@id":"https:\/\/www.edgenexus.io\/pt-br\/sucesso-na-precificacao-da-adc\/#breadcrumb","itemListElement":[{"@type":"ListItem","position":1,"name":"Home","item":"https:\/\/www.edgenexus.io\/pt-br\/edgenexus-balanceamento-de-carga-adc-waf-e-gslb\/"},{"@type":"ListItem","position":2,"name":"Sucesso na precifica\u00e7\u00e3o da ADC"}]},{"@type":"WebSite","@id":"https:\/\/www.edgenexus.io\/zh-hans\/#website","url":"https:\/\/www.edgenexus.io\/zh-hans\/","name":"Edgenexus load balancers and Application Security","description":"Edgenexus Load Balancers, ADC and Web application Firewalls (WAF)","publisher":{"@id":"https:\/\/www.edgenexus.io\/zh-hans\/#organization"},"alternateName":"Load balancers and Web application firewall","potentialAction":[{"@type":"SearchAction","target":{"@type":"EntryPoint","urlTemplate":"https:\/\/www.edgenexus.io\/zh-hans\/?s={search_term_string}"},"query-input":{"@type":"PropertyValueSpecification","valueRequired":true,"valueName":"search_term_string"}}],"inLanguage":"pt-BR"},{"@type":"Organization","@id":"https:\/\/www.edgenexus.io\/zh-hans\/#organization","name":"Edgenexus","url":"https:\/\/www.edgenexus.io\/zh-hans\/","logo":{"@type":"ImageObject","inLanguage":"pt-BR","@id":"https:\/\/www.edgenexus.io\/zh-hans\/#\/schema\/logo\/image\/","url":"https:\/\/www.edgenexus.io\/wp-content\/uploads\/2023\/09\/edgenexus-adc-sq-transparentAsset-7.png","contentUrl":"https:\/\/www.edgenexus.io\/wp-content\/uploads\/2023\/09\/edgenexus-adc-sq-transparentAsset-7.png","width":903,"height":921,"caption":"Edgenexus"},"image":{"@id":"https:\/\/www.edgenexus.io\/zh-hans\/#\/schema\/logo\/image\/"},"sameAs":["https:\/\/www.facebook.com\/edgenexusio","https:\/\/x.com\/edgenexusio","https:\/\/www.linkedin.com\/company\/edgenexus\/"]}]}},"_links":{"self":[{"href":"https:\/\/www.edgenexus.io\/pt-br\/wp-json\/wp\/v2\/pages\/65535","targetHints":{"allow":["GET"]}}],"collection":[{"href":"https:\/\/www.edgenexus.io\/pt-br\/wp-json\/wp\/v2\/pages"}],"about":[{"href":"https:\/\/www.edgenexus.io\/pt-br\/wp-json\/wp\/v2\/types\/page"}],"author":[{"embeddable":true,"href":"https:\/\/www.edgenexus.io\/pt-br\/wp-json\/wp\/v2\/users\/42"}],"replies":[{"embeddable":true,"href":"https:\/\/www.edgenexus.io\/pt-br\/wp-json\/wp\/v2\/comments?post=65535"}],"version-history":[{"count":1,"href":"https:\/\/www.edgenexus.io\/pt-br\/wp-json\/wp\/v2\/pages\/65535\/revisions"}],"predecessor-version":[{"id":65537,"href":"https:\/\/www.edgenexus.io\/pt-br\/wp-json\/wp\/v2\/pages\/65535\/revisions\/65537"}],"wp:attachment":[{"href":"https:\/\/www.edgenexus.io\/pt-br\/wp-json\/wp\/v2\/media?parent=65535"}],"curies":[{"name":"wp","href":"https:\/\/api.w.org\/{rel}","templated":true}]}}