{"id":49455,"date":"2025-06-20T06:32:16","date_gmt":"2025-06-20T06:32:16","guid":{"rendered":"https:\/\/www.edgenexus.io\/recursos\/noticias-e-insights\/"},"modified":"2025-06-20T06:32:16","modified_gmt":"2025-06-20T06:32:16","slug":"noticias-e-insights","status":"publish","type":"page","link":"https:\/\/www.edgenexus.io\/pt-br\/recursos\/noticias-e-insights\/","title":{"rendered":"Not\u00edcias e Insights"},"content":{"rendered":"","protected":false},"excerpt":{"rendered":"","protected":false},"author":1,"featured_media":0,"parent":21218,"menu_order":4,"comment_status":"open","ping_status":"closed","template":"","meta":{"inline_featured_image":false,"footnotes":""},"class_list":["post-49455","page","type-page","status-publish","hentry"],"yoast_head":"<!-- This site is optimized with the Yoast SEO Premium plugin v25.1 (Yoast SEO v27.1.1) - https:\/\/yoast.com\/product\/yoast-seo-premium-wordpress\/ -->\n<title>Not\u00edcias e percep\u00e7\u00f5es da edgeNEXUS<\/title>\n<meta name=\"description\" content=\"O que est\u00e1 acontecendo no mundo do balanceamento de carga\" \/>\n<meta name=\"robots\" content=\"index, follow, max-snippet:-1, max-image-preview:large, max-video-preview:-1\" \/>\n<link rel=\"canonical\" href=\"https:\/\/www.edgenexus.io\/pt-br\/recursos\/noticias-e-insights\/\" \/>\n<script type=\"application\/ld+json\" class=\"yoast-schema-graph\">{\"@context\":\"https:\/\/schema.org\",\"@graph\":[{\"@type\":\"WebPage\",\"@id\":\"https:\/\/www.edgenexus.io\/pt-br\/recursos\/noticias-e-insights\/\",\"url\":\"https:\/\/www.edgenexus.io\/pt-br\/recursos\/noticias-e-insights\/\",\"name\":\"Not\u00edcias e percep\u00e7\u00f5es da edgeNEXUS\",\"isPartOf\":{\"@id\":\"https:\/\/www.edgenexus.io\/zh-hans\/#website\"},\"datePublished\":\"2025-06-20T06:32:16+00:00\",\"description\":\"O que est\u00e1 acontecendo no mundo do balanceamento de carga\",\"breadcrumb\":{\"@id\":\"https:\/\/www.edgenexus.io\/pt-br\/recursos\/noticias-e-insights\/#breadcrumb\"},\"inLanguage\":\"pt-BR\",\"potentialAction\":[{\"@type\":\"ReadAction\",\"target\":[\"https:\/\/www.edgenexus.io\/pt-br\/recursos\/noticias-e-insights\/\"]}]},{\"@type\":\"BreadcrumbList\",\"@id\":\"https:\/\/www.edgenexus.io\/pt-br\/recursos\/noticias-e-insights\/#breadcrumb\",\"itemListElement\":[{\"@type\":\"ListItem\",\"position\":1,\"name\":\"Home\",\"item\":\"https:\/\/www.edgenexus.io\/pt-br\/edgenexus-balanceamento-de-carga-adc-waf-e-gslb\/\"},{\"@type\":\"ListItem\",\"position\":2,\"name\":\"Recursos\",\"item\":\"https:\/\/www.edgenexus.io\/pt-br\/recursos\/\"},{\"@type\":\"ListItem\",\"position\":3,\"name\":\"Not\u00edcias e Insights\"}]},{\"@type\":\"WebSite\",\"@id\":\"https:\/\/www.edgenexus.io\/zh-hans\/#website\",\"url\":\"https:\/\/www.edgenexus.io\/zh-hans\/\",\"name\":\"Edgenexus load balancers and Application Security\",\"description\":\"Edgenexus Load Balancers, ADC and Web application Firewalls (WAF)\",\"publisher\":{\"@id\":\"https:\/\/www.edgenexus.io\/zh-hans\/#organization\"},\"alternateName\":\"Load balancers and Web application firewall\",\"potentialAction\":[{\"@type\":\"SearchAction\",\"target\":{\"@type\":\"EntryPoint\",\"urlTemplate\":\"https:\/\/www.edgenexus.io\/zh-hans\/?s={search_term_string}\"},\"query-input\":{\"@type\":\"PropertyValueSpecification\",\"valueRequired\":true,\"valueName\":\"search_term_string\"}}],\"inLanguage\":\"pt-BR\"},{\"@type\":\"Organization\",\"@id\":\"https:\/\/www.edgenexus.io\/zh-hans\/#organization\",\"name\":\"Edgenexus\",\"url\":\"https:\/\/www.edgenexus.io\/zh-hans\/\",\"logo\":{\"@type\":\"ImageObject\",\"inLanguage\":\"pt-BR\",\"@id\":\"https:\/\/www.edgenexus.io\/zh-hans\/#\/schema\/logo\/image\/\",\"url\":\"https:\/\/www.edgenexus.io\/wp-content\/uploads\/2023\/09\/edgenexus-adc-sq-transparentAsset-7.png\",\"contentUrl\":\"https:\/\/www.edgenexus.io\/wp-content\/uploads\/2023\/09\/edgenexus-adc-sq-transparentAsset-7.png\",\"width\":903,\"height\":921,\"caption\":\"Edgenexus\"},\"image\":{\"@id\":\"https:\/\/www.edgenexus.io\/zh-hans\/#\/schema\/logo\/image\/\"},\"sameAs\":[\"https:\/\/www.facebook.com\/edgenexusio\",\"https:\/\/x.com\/edgenexusio\",\"https:\/\/www.linkedin.com\/company\/edgenexus\/\"]}]}<\/script>\n<!-- \/ Yoast SEO Premium plugin. -->","yoast_head_json":{"title":"Not\u00edcias e percep\u00e7\u00f5es da edgeNEXUS","description":"O que est\u00e1 acontecendo no mundo do balanceamento de carga","robots":{"index":"index","follow":"follow","max-snippet":"max-snippet:-1","max-image-preview":"max-image-preview:large","max-video-preview":"max-video-preview:-1"},"canonical":"https:\/\/www.edgenexus.io\/pt-br\/recursos\/noticias-e-insights\/","schema":{"@context":"https:\/\/schema.org","@graph":[{"@type":"WebPage","@id":"https:\/\/www.edgenexus.io\/pt-br\/recursos\/noticias-e-insights\/","url":"https:\/\/www.edgenexus.io\/pt-br\/recursos\/noticias-e-insights\/","name":"Not\u00edcias e percep\u00e7\u00f5es da edgeNEXUS","isPartOf":{"@id":"https:\/\/www.edgenexus.io\/zh-hans\/#website"},"datePublished":"2025-06-20T06:32:16+00:00","description":"O que est\u00e1 acontecendo no mundo do balanceamento de carga","breadcrumb":{"@id":"https:\/\/www.edgenexus.io\/pt-br\/recursos\/noticias-e-insights\/#breadcrumb"},"inLanguage":"pt-BR","potentialAction":[{"@type":"ReadAction","target":["https:\/\/www.edgenexus.io\/pt-br\/recursos\/noticias-e-insights\/"]}]},{"@type":"BreadcrumbList","@id":"https:\/\/www.edgenexus.io\/pt-br\/recursos\/noticias-e-insights\/#breadcrumb","itemListElement":[{"@type":"ListItem","position":1,"name":"Home","item":"https:\/\/www.edgenexus.io\/pt-br\/edgenexus-balanceamento-de-carga-adc-waf-e-gslb\/"},{"@type":"ListItem","position":2,"name":"Recursos","item":"https:\/\/www.edgenexus.io\/pt-br\/recursos\/"},{"@type":"ListItem","position":3,"name":"Not\u00edcias e Insights"}]},{"@type":"WebSite","@id":"https:\/\/www.edgenexus.io\/zh-hans\/#website","url":"https:\/\/www.edgenexus.io\/zh-hans\/","name":"Edgenexus load balancers and Application Security","description":"Edgenexus Load Balancers, ADC and Web application Firewalls (WAF)","publisher":{"@id":"https:\/\/www.edgenexus.io\/zh-hans\/#organization"},"alternateName":"Load balancers and Web application firewall","potentialAction":[{"@type":"SearchAction","target":{"@type":"EntryPoint","urlTemplate":"https:\/\/www.edgenexus.io\/zh-hans\/?s={search_term_string}"},"query-input":{"@type":"PropertyValueSpecification","valueRequired":true,"valueName":"search_term_string"}}],"inLanguage":"pt-BR"},{"@type":"Organization","@id":"https:\/\/www.edgenexus.io\/zh-hans\/#organization","name":"Edgenexus","url":"https:\/\/www.edgenexus.io\/zh-hans\/","logo":{"@type":"ImageObject","inLanguage":"pt-BR","@id":"https:\/\/www.edgenexus.io\/zh-hans\/#\/schema\/logo\/image\/","url":"https:\/\/www.edgenexus.io\/wp-content\/uploads\/2023\/09\/edgenexus-adc-sq-transparentAsset-7.png","contentUrl":"https:\/\/www.edgenexus.io\/wp-content\/uploads\/2023\/09\/edgenexus-adc-sq-transparentAsset-7.png","width":903,"height":921,"caption":"Edgenexus"},"image":{"@id":"https:\/\/www.edgenexus.io\/zh-hans\/#\/schema\/logo\/image\/"},"sameAs":["https:\/\/www.facebook.com\/edgenexusio","https:\/\/x.com\/edgenexusio","https:\/\/www.linkedin.com\/company\/edgenexus\/"]}]}},"_links":{"self":[{"href":"https:\/\/www.edgenexus.io\/pt-br\/wp-json\/wp\/v2\/pages\/49455","targetHints":{"allow":["GET"]}}],"collection":[{"href":"https:\/\/www.edgenexus.io\/pt-br\/wp-json\/wp\/v2\/pages"}],"about":[{"href":"https:\/\/www.edgenexus.io\/pt-br\/wp-json\/wp\/v2\/types\/page"}],"author":[{"embeddable":true,"href":"https:\/\/www.edgenexus.io\/pt-br\/wp-json\/wp\/v2\/users\/1"}],"replies":[{"embeddable":true,"href":"https:\/\/www.edgenexus.io\/pt-br\/wp-json\/wp\/v2\/comments?post=49455"}],"version-history":[{"count":0,"href":"https:\/\/www.edgenexus.io\/pt-br\/wp-json\/wp\/v2\/pages\/49455\/revisions"}],"up":[{"embeddable":true,"href":"https:\/\/www.edgenexus.io\/pt-br\/wp-json\/wp\/v2\/pages\/21218"}],"wp:attachment":[{"href":"https:\/\/www.edgenexus.io\/pt-br\/wp-json\/wp\/v2\/media?parent=49455"}],"curies":[{"name":"wp","href":"https:\/\/api.w.org\/{rel}","templated":true}]}}