{"id":49438,"date":"2025-06-20T06:32:11","date_gmt":"2025-06-20T06:32:11","guid":{"rendered":"https:\/\/www.edgenexus.io\/cuidados-de-saude\/"},"modified":"2025-06-20T06:32:11","modified_gmt":"2025-06-20T06:32:11","slug":"cuidados-de-saude","status":"publish","type":"page","link":"https:\/\/www.edgenexus.io\/pt-br\/cuidados-de-saude\/","title":{"rendered":"Cuidados de sa\u00fade"},"content":{"rendered":"","protected":false},"excerpt":{"rendered":"","protected":false},"author":5,"featured_media":0,"parent":0,"menu_order":0,"comment_status":"open","ping_status":"open","template":"","meta":{"_acf_changed":false,"inline_featured_image":false,"footnotes":""},"class_list":["post-49438","page","type-page","status-publish","hentry"],"acf":[],"yoast_head":"<!-- This site is optimized with the Yoast SEO Premium plugin v25.1 (Yoast SEO v27.1.1) - https:\/\/yoast.com\/product\/yoast-seo-premium-wordpress\/ -->\n<title>Balanceadores de carga edgeNEXUS para o setor de sa\u00fade<\/title>\n<meta name=\"description\" content=\"Os balanceadores de carga edgeNEXUS aceleram o desempenho dos aplicativos e otimizam a disponibilidade, permitindo que os clientes do setor de sa\u00fade forne\u00e7am servi\u00e7os resilientes e dimension\u00e1veis\" \/>\n<meta name=\"robots\" content=\"index, follow, max-snippet:-1, max-image-preview:large, max-video-preview:-1\" \/>\n<link rel=\"canonical\" href=\"https:\/\/www.edgenexus.io\/pt-br\/cuidados-de-saude\/\" \/>\n<script type=\"application\/ld+json\" class=\"yoast-schema-graph\">{\"@context\":\"https:\/\/schema.org\",\"@graph\":[{\"@type\":\"WebPage\",\"@id\":\"https:\/\/www.edgenexus.io\/pt-br\/cuidados-de-saude\/\",\"url\":\"https:\/\/www.edgenexus.io\/pt-br\/cuidados-de-saude\/\",\"name\":\"Balanceadores de carga edgeNEXUS para o setor de sa\u00fade\",\"isPartOf\":{\"@id\":\"https:\/\/www.edgenexus.io\/zh-hans\/#website\"},\"datePublished\":\"2025-06-20T06:32:11+00:00\",\"description\":\"Os balanceadores de carga edgeNEXUS aceleram o desempenho dos aplicativos e otimizam a disponibilidade, permitindo que os clientes do setor de sa\u00fade forne\u00e7am servi\u00e7os resilientes e dimension\u00e1veis\",\"breadcrumb\":{\"@id\":\"https:\/\/www.edgenexus.io\/pt-br\/cuidados-de-saude\/#breadcrumb\"},\"inLanguage\":\"pt-BR\",\"potentialAction\":[{\"@type\":\"ReadAction\",\"target\":[\"https:\/\/www.edgenexus.io\/pt-br\/cuidados-de-saude\/\"]}]},{\"@type\":\"BreadcrumbList\",\"@id\":\"https:\/\/www.edgenexus.io\/pt-br\/cuidados-de-saude\/#breadcrumb\",\"itemListElement\":[{\"@type\":\"ListItem\",\"position\":1,\"name\":\"Home\",\"item\":\"https:\/\/www.edgenexus.io\/pt-br\/edgenexus-balanceamento-de-carga-adc-waf-e-gslb\/\"},{\"@type\":\"ListItem\",\"position\":2,\"name\":\"Cuidados de sa\u00fade\"}]},{\"@type\":\"WebSite\",\"@id\":\"https:\/\/www.edgenexus.io\/zh-hans\/#website\",\"url\":\"https:\/\/www.edgenexus.io\/zh-hans\/\",\"name\":\"Edgenexus load balancers and Application Security\",\"description\":\"Edgenexus Load Balancers, ADC and Web application Firewalls (WAF)\",\"publisher\":{\"@id\":\"https:\/\/www.edgenexus.io\/zh-hans\/#organization\"},\"alternateName\":\"Load balancers and Web application firewall\",\"potentialAction\":[{\"@type\":\"SearchAction\",\"target\":{\"@type\":\"EntryPoint\",\"urlTemplate\":\"https:\/\/www.edgenexus.io\/zh-hans\/?s={search_term_string}\"},\"query-input\":{\"@type\":\"PropertyValueSpecification\",\"valueRequired\":true,\"valueName\":\"search_term_string\"}}],\"inLanguage\":\"pt-BR\"},{\"@type\":\"Organization\",\"@id\":\"https:\/\/www.edgenexus.io\/zh-hans\/#organization\",\"name\":\"Edgenexus\",\"url\":\"https:\/\/www.edgenexus.io\/zh-hans\/\",\"logo\":{\"@type\":\"ImageObject\",\"inLanguage\":\"pt-BR\",\"@id\":\"https:\/\/www.edgenexus.io\/zh-hans\/#\/schema\/logo\/image\/\",\"url\":\"https:\/\/www.edgenexus.io\/wp-content\/uploads\/2023\/09\/edgenexus-adc-sq-transparentAsset-7.png\",\"contentUrl\":\"https:\/\/www.edgenexus.io\/wp-content\/uploads\/2023\/09\/edgenexus-adc-sq-transparentAsset-7.png\",\"width\":903,\"height\":921,\"caption\":\"Edgenexus\"},\"image\":{\"@id\":\"https:\/\/www.edgenexus.io\/zh-hans\/#\/schema\/logo\/image\/\"},\"sameAs\":[\"https:\/\/www.facebook.com\/edgenexusio\",\"https:\/\/x.com\/edgenexusio\",\"https:\/\/www.linkedin.com\/company\/edgenexus\/\"]}]}<\/script>\n<!-- \/ Yoast SEO Premium plugin. -->","yoast_head_json":{"title":"Balanceadores de carga edgeNEXUS para o setor de sa\u00fade","description":"Os balanceadores de carga edgeNEXUS aceleram o desempenho dos aplicativos e otimizam a disponibilidade, permitindo que os clientes do setor de sa\u00fade forne\u00e7am servi\u00e7os resilientes e dimension\u00e1veis","robots":{"index":"index","follow":"follow","max-snippet":"max-snippet:-1","max-image-preview":"max-image-preview:large","max-video-preview":"max-video-preview:-1"},"canonical":"https:\/\/www.edgenexus.io\/pt-br\/cuidados-de-saude\/","schema":{"@context":"https:\/\/schema.org","@graph":[{"@type":"WebPage","@id":"https:\/\/www.edgenexus.io\/pt-br\/cuidados-de-saude\/","url":"https:\/\/www.edgenexus.io\/pt-br\/cuidados-de-saude\/","name":"Balanceadores de carga edgeNEXUS para o setor de sa\u00fade","isPartOf":{"@id":"https:\/\/www.edgenexus.io\/zh-hans\/#website"},"datePublished":"2025-06-20T06:32:11+00:00","description":"Os balanceadores de carga edgeNEXUS aceleram o desempenho dos aplicativos e otimizam a disponibilidade, permitindo que os clientes do setor de sa\u00fade forne\u00e7am servi\u00e7os resilientes e dimension\u00e1veis","breadcrumb":{"@id":"https:\/\/www.edgenexus.io\/pt-br\/cuidados-de-saude\/#breadcrumb"},"inLanguage":"pt-BR","potentialAction":[{"@type":"ReadAction","target":["https:\/\/www.edgenexus.io\/pt-br\/cuidados-de-saude\/"]}]},{"@type":"BreadcrumbList","@id":"https:\/\/www.edgenexus.io\/pt-br\/cuidados-de-saude\/#breadcrumb","itemListElement":[{"@type":"ListItem","position":1,"name":"Home","item":"https:\/\/www.edgenexus.io\/pt-br\/edgenexus-balanceamento-de-carga-adc-waf-e-gslb\/"},{"@type":"ListItem","position":2,"name":"Cuidados de sa\u00fade"}]},{"@type":"WebSite","@id":"https:\/\/www.edgenexus.io\/zh-hans\/#website","url":"https:\/\/www.edgenexus.io\/zh-hans\/","name":"Edgenexus load balancers and Application Security","description":"Edgenexus Load Balancers, ADC and Web application Firewalls (WAF)","publisher":{"@id":"https:\/\/www.edgenexus.io\/zh-hans\/#organization"},"alternateName":"Load balancers and Web application firewall","potentialAction":[{"@type":"SearchAction","target":{"@type":"EntryPoint","urlTemplate":"https:\/\/www.edgenexus.io\/zh-hans\/?s={search_term_string}"},"query-input":{"@type":"PropertyValueSpecification","valueRequired":true,"valueName":"search_term_string"}}],"inLanguage":"pt-BR"},{"@type":"Organization","@id":"https:\/\/www.edgenexus.io\/zh-hans\/#organization","name":"Edgenexus","url":"https:\/\/www.edgenexus.io\/zh-hans\/","logo":{"@type":"ImageObject","inLanguage":"pt-BR","@id":"https:\/\/www.edgenexus.io\/zh-hans\/#\/schema\/logo\/image\/","url":"https:\/\/www.edgenexus.io\/wp-content\/uploads\/2023\/09\/edgenexus-adc-sq-transparentAsset-7.png","contentUrl":"https:\/\/www.edgenexus.io\/wp-content\/uploads\/2023\/09\/edgenexus-adc-sq-transparentAsset-7.png","width":903,"height":921,"caption":"Edgenexus"},"image":{"@id":"https:\/\/www.edgenexus.io\/zh-hans\/#\/schema\/logo\/image\/"},"sameAs":["https:\/\/www.facebook.com\/edgenexusio","https:\/\/x.com\/edgenexusio","https:\/\/www.linkedin.com\/company\/edgenexus\/"]}]}},"_links":{"self":[{"href":"https:\/\/www.edgenexus.io\/pt-br\/wp-json\/wp\/v2\/pages\/49438","targetHints":{"allow":["GET"]}}],"collection":[{"href":"https:\/\/www.edgenexus.io\/pt-br\/wp-json\/wp\/v2\/pages"}],"about":[{"href":"https:\/\/www.edgenexus.io\/pt-br\/wp-json\/wp\/v2\/types\/page"}],"author":[{"embeddable":true,"href":"https:\/\/www.edgenexus.io\/pt-br\/wp-json\/wp\/v2\/users\/5"}],"replies":[{"embeddable":true,"href":"https:\/\/www.edgenexus.io\/pt-br\/wp-json\/wp\/v2\/comments?post=49438"}],"version-history":[{"count":0,"href":"https:\/\/www.edgenexus.io\/pt-br\/wp-json\/wp\/v2\/pages\/49438\/revisions"}],"wp:attachment":[{"href":"https:\/\/www.edgenexus.io\/pt-br\/wp-json\/wp\/v2\/media?parent=49438"}],"curies":[{"name":"wp","href":"https:\/\/api.w.org\/{rel}","templated":true}]}}