{"id":65536,"date":"2025-10-21T10:44:22","date_gmt":"2025-10-21T10:44:22","guid":{"rendered":"https:\/\/www.edgenexus.io\/succes-de-la-tarification-de-ladc\/"},"modified":"2025-10-21T10:44:24","modified_gmt":"2025-10-21T10:44:24","slug":"succes-de-la-tarification-de-ladc","status":"publish","type":"page","link":"https:\/\/www.edgenexus.io\/fr\/succes-de-la-tarification-de-ladc\/","title":{"rendered":"Succ\u00e8s de la tarification de l&rsquo;ADC"},"content":{"rendered":"\t\t<div data-elementor-type=\"wp-page\" data-elementor-id=\"65536\" class=\"elementor elementor-65536 elementor-65521\" data-elementor-settings=\"{&quot;ha_cmc_init_switcher&quot;:&quot;no&quot;}\" data-elementor-post-type=\"page\">\n\t\t\t\t<div class=\"elementor-element elementor-element-69faf2d e-flex e-con-boxed e-con e-parent\" data-id=\"69faf2d\" data-element_type=\"container\" data-e-type=\"container\" data-settings=\"{&quot;_ha_eqh_enable&quot;:false}\">\n\t\t\t\t\t<div class=\"e-con-inner\">\n\t\t\t\t<div class=\"elementor-element elementor-element-bc7f9cd elementor-widget elementor-widget-heading\" data-id=\"bc7f9cd\" data-element_type=\"widget\" data-e-type=\"widget\" data-widget_type=\"heading.default\">\n\t\t\t\t<div class=\"elementor-widget-container\">\n\t\t\t\t\t<h2 class=\"elementor-heading-title elementor-size-default\">Merci - Nous nous en occupons.<\/h2>\t\t\t\t<\/div>\n\t\t\t\t<\/div>\n\t\t\t\t<div class=\"elementor-element elementor-element-1b2005d elementor-widget elementor-widget-text-editor\" data-id=\"1b2005d\" data-element_type=\"widget\" data-e-type=\"widget\" data-widget_type=\"text-editor.default\">\n\t\t\t\t<div class=\"elementor-widget-container\">\n\t\t\t\t\t\t\t\t\t<p>Nous avons bien re\u00e7u votre demande de tarification Edge ADC. Notre \u00e9quipe vous contactera dans les plus brefs d\u00e9lais pour d\u00e9finir les prochaines \u00e9tapes. <br><br data-start=\"1228\" data-end=\"1231\">Gardez un \u0153il sur votre bo\u00eete de r\u00e9ception pour voir s&rsquo;il a envoy\u00e9 un courriel, et v\u00e9rifiez votre dossier de courrier ind\u00e9sirable au cas o\u00f9.<\/p>\t\t\t\t\t\t\t\t<\/div>\n\t\t\t\t<\/div>\n\t\t\t\t\t<\/div>\n\t\t\t\t<\/div>\n\t\t\t\t<\/div>\n\t\t","protected":false},"excerpt":{"rendered":"<p>Merci &#8211; Nous nous en occupons. Nous avons bien re\u00e7u votre demande de tarification Edge ADC. Notre \u00e9quipe vous contactera dans les plus brefs d\u00e9lais pour d\u00e9finir les prochaines \u00e9tapes. Gardez un \u0153il sur votre bo\u00eete de r\u00e9ception pour voir s&rsquo;il a envoy\u00e9 un courriel, et v\u00e9rifiez votre dossier de courrier ind\u00e9sirable au cas o\u00f9.<\/p>\n","protected":false},"author":42,"featured_media":0,"parent":0,"menu_order":0,"comment_status":"closed","ping_status":"closed","template":"elementor_header_footer","meta":{"inline_featured_image":false,"footnotes":""},"class_list":["post-65536","page","type-page","status-publish","hentry"],"yoast_head":"<!-- This site is optimized with the Yoast SEO Premium plugin v25.1 (Yoast SEO v27.1.1) - https:\/\/yoast.com\/product\/yoast-seo-premium-wordpress\/ -->\n<title>Succ\u00e8s de la tarification de l&#039;ADC - Edgenexus load balancers and Application Security<\/title>\n<meta name=\"robots\" content=\"index, follow, max-snippet:-1, max-image-preview:large, max-video-preview:-1\" \/>\n<link rel=\"canonical\" href=\"https:\/\/www.edgenexus.io\/fr\/succes-de-la-tarification-de-ladc\/\" \/>\n<script type=\"application\/ld+json\" class=\"yoast-schema-graph\">{\"@context\":\"https:\/\/schema.org\",\"@graph\":[{\"@type\":\"WebPage\",\"@id\":\"https:\/\/www.edgenexus.io\/fr\/succes-de-la-tarification-de-ladc\/\",\"url\":\"https:\/\/www.edgenexus.io\/fr\/succes-de-la-tarification-de-ladc\/\",\"name\":\"Succ\u00e8s de la tarification de l'ADC - Edgenexus load balancers and Application Security\",\"isPartOf\":{\"@id\":\"https:\/\/www.edgenexus.io\/zh-hans\/#website\"},\"datePublished\":\"2025-10-21T10:44:22+00:00\",\"dateModified\":\"2025-10-21T10:44:24+00:00\",\"breadcrumb\":{\"@id\":\"https:\/\/www.edgenexus.io\/fr\/succes-de-la-tarification-de-ladc\/#breadcrumb\"},\"inLanguage\":\"fr-FR\",\"potentialAction\":[{\"@type\":\"ReadAction\",\"target\":[\"https:\/\/www.edgenexus.io\/fr\/succes-de-la-tarification-de-ladc\/\"]}]},{\"@type\":\"BreadcrumbList\",\"@id\":\"https:\/\/www.edgenexus.io\/fr\/succes-de-la-tarification-de-ladc\/#breadcrumb\",\"itemListElement\":[{\"@type\":\"ListItem\",\"position\":1,\"name\":\"Home\",\"item\":\"https:\/\/www.edgenexus.io\/fr\/edgenexus-load-balancing-adc-waf-et-gslb\/\"},{\"@type\":\"ListItem\",\"position\":2,\"name\":\"Succ\u00e8s de la tarification de l&#8217;ADC\"}]},{\"@type\":\"WebSite\",\"@id\":\"https:\/\/www.edgenexus.io\/zh-hans\/#website\",\"url\":\"https:\/\/www.edgenexus.io\/zh-hans\/\",\"name\":\"Edgenexus load balancers and Application Security\",\"description\":\"Edgenexus Load Balancers, ADC and Web application Firewalls (WAF)\",\"publisher\":{\"@id\":\"https:\/\/www.edgenexus.io\/zh-hans\/#organization\"},\"alternateName\":\"Load balancers and Web application firewall\",\"potentialAction\":[{\"@type\":\"SearchAction\",\"target\":{\"@type\":\"EntryPoint\",\"urlTemplate\":\"https:\/\/www.edgenexus.io\/zh-hans\/?s={search_term_string}\"},\"query-input\":{\"@type\":\"PropertyValueSpecification\",\"valueRequired\":true,\"valueName\":\"search_term_string\"}}],\"inLanguage\":\"fr-FR\"},{\"@type\":\"Organization\",\"@id\":\"https:\/\/www.edgenexus.io\/zh-hans\/#organization\",\"name\":\"Edgenexus\",\"url\":\"https:\/\/www.edgenexus.io\/zh-hans\/\",\"logo\":{\"@type\":\"ImageObject\",\"inLanguage\":\"fr-FR\",\"@id\":\"https:\/\/www.edgenexus.io\/zh-hans\/#\/schema\/logo\/image\/\",\"url\":\"https:\/\/www.edgenexus.io\/wp-content\/uploads\/2023\/09\/edgenexus-adc-sq-transparentAsset-7.png\",\"contentUrl\":\"https:\/\/www.edgenexus.io\/wp-content\/uploads\/2023\/09\/edgenexus-adc-sq-transparentAsset-7.png\",\"width\":903,\"height\":921,\"caption\":\"Edgenexus\"},\"image\":{\"@id\":\"https:\/\/www.edgenexus.io\/zh-hans\/#\/schema\/logo\/image\/\"},\"sameAs\":[\"https:\/\/www.facebook.com\/edgenexusio\",\"https:\/\/x.com\/edgenexusio\",\"https:\/\/www.linkedin.com\/company\/edgenexus\/\"]}]}<\/script>\n<!-- \/ Yoast SEO Premium plugin. -->","yoast_head_json":{"title":"Succ\u00e8s de la tarification de l'ADC - Edgenexus load balancers and Application Security","robots":{"index":"index","follow":"follow","max-snippet":"max-snippet:-1","max-image-preview":"max-image-preview:large","max-video-preview":"max-video-preview:-1"},"canonical":"https:\/\/www.edgenexus.io\/fr\/succes-de-la-tarification-de-ladc\/","schema":{"@context":"https:\/\/schema.org","@graph":[{"@type":"WebPage","@id":"https:\/\/www.edgenexus.io\/fr\/succes-de-la-tarification-de-ladc\/","url":"https:\/\/www.edgenexus.io\/fr\/succes-de-la-tarification-de-ladc\/","name":"Succ\u00e8s de la tarification de l'ADC - Edgenexus load balancers and Application Security","isPartOf":{"@id":"https:\/\/www.edgenexus.io\/zh-hans\/#website"},"datePublished":"2025-10-21T10:44:22+00:00","dateModified":"2025-10-21T10:44:24+00:00","breadcrumb":{"@id":"https:\/\/www.edgenexus.io\/fr\/succes-de-la-tarification-de-ladc\/#breadcrumb"},"inLanguage":"fr-FR","potentialAction":[{"@type":"ReadAction","target":["https:\/\/www.edgenexus.io\/fr\/succes-de-la-tarification-de-ladc\/"]}]},{"@type":"BreadcrumbList","@id":"https:\/\/www.edgenexus.io\/fr\/succes-de-la-tarification-de-ladc\/#breadcrumb","itemListElement":[{"@type":"ListItem","position":1,"name":"Home","item":"https:\/\/www.edgenexus.io\/fr\/edgenexus-load-balancing-adc-waf-et-gslb\/"},{"@type":"ListItem","position":2,"name":"Succ\u00e8s de la tarification de l&#8217;ADC"}]},{"@type":"WebSite","@id":"https:\/\/www.edgenexus.io\/zh-hans\/#website","url":"https:\/\/www.edgenexus.io\/zh-hans\/","name":"Edgenexus load balancers and Application Security","description":"Edgenexus Load Balancers, ADC and Web application Firewalls (WAF)","publisher":{"@id":"https:\/\/www.edgenexus.io\/zh-hans\/#organization"},"alternateName":"Load balancers and Web application firewall","potentialAction":[{"@type":"SearchAction","target":{"@type":"EntryPoint","urlTemplate":"https:\/\/www.edgenexus.io\/zh-hans\/?s={search_term_string}"},"query-input":{"@type":"PropertyValueSpecification","valueRequired":true,"valueName":"search_term_string"}}],"inLanguage":"fr-FR"},{"@type":"Organization","@id":"https:\/\/www.edgenexus.io\/zh-hans\/#organization","name":"Edgenexus","url":"https:\/\/www.edgenexus.io\/zh-hans\/","logo":{"@type":"ImageObject","inLanguage":"fr-FR","@id":"https:\/\/www.edgenexus.io\/zh-hans\/#\/schema\/logo\/image\/","url":"https:\/\/www.edgenexus.io\/wp-content\/uploads\/2023\/09\/edgenexus-adc-sq-transparentAsset-7.png","contentUrl":"https:\/\/www.edgenexus.io\/wp-content\/uploads\/2023\/09\/edgenexus-adc-sq-transparentAsset-7.png","width":903,"height":921,"caption":"Edgenexus"},"image":{"@id":"https:\/\/www.edgenexus.io\/zh-hans\/#\/schema\/logo\/image\/"},"sameAs":["https:\/\/www.facebook.com\/edgenexusio","https:\/\/x.com\/edgenexusio","https:\/\/www.linkedin.com\/company\/edgenexus\/"]}]}},"_links":{"self":[{"href":"https:\/\/www.edgenexus.io\/fr\/wp-json\/wp\/v2\/pages\/65536","targetHints":{"allow":["GET"]}}],"collection":[{"href":"https:\/\/www.edgenexus.io\/fr\/wp-json\/wp\/v2\/pages"}],"about":[{"href":"https:\/\/www.edgenexus.io\/fr\/wp-json\/wp\/v2\/types\/page"}],"author":[{"embeddable":true,"href":"https:\/\/www.edgenexus.io\/fr\/wp-json\/wp\/v2\/users\/42"}],"replies":[{"embeddable":true,"href":"https:\/\/www.edgenexus.io\/fr\/wp-json\/wp\/v2\/comments?post=65536"}],"version-history":[{"count":1,"href":"https:\/\/www.edgenexus.io\/fr\/wp-json\/wp\/v2\/pages\/65536\/revisions"}],"predecessor-version":[{"id":65538,"href":"https:\/\/www.edgenexus.io\/fr\/wp-json\/wp\/v2\/pages\/65536\/revisions\/65538"}],"wp:attachment":[{"href":"https:\/\/www.edgenexus.io\/fr\/wp-json\/wp\/v2\/media?parent=65536"}],"curies":[{"name":"wp","href":"https:\/\/api.w.org\/{rel}","templated":true}]}}