{"id":65532,"date":"2025-10-21T10:44:22","date_gmt":"2025-10-21T10:44:22","guid":{"rendered":"https:\/\/www.edgenexus.io\/adc-preisgestaltung-erfolg\/"},"modified":"2025-10-21T10:44:24","modified_gmt":"2025-10-21T10:44:24","slug":"adc-preisgestaltung-erfolg","status":"publish","type":"page","link":"https:\/\/www.edgenexus.io\/de\/adc-preisgestaltung-erfolg\/","title":{"rendered":"ADC Preisgestaltung Erfolg"},"content":{"rendered":"\t\t<div data-elementor-type=\"wp-page\" data-elementor-id=\"65532\" class=\"elementor elementor-65532 elementor-65521\" data-elementor-settings=\"{&quot;ha_cmc_init_switcher&quot;:&quot;no&quot;}\" data-elementor-post-type=\"page\">\n\t\t\t\t<div class=\"elementor-element elementor-element-69faf2d e-flex e-con-boxed e-con e-parent\" data-id=\"69faf2d\" data-element_type=\"container\" data-e-type=\"container\" data-settings=\"{&quot;_ha_eqh_enable&quot;:false}\">\n\t\t\t\t\t<div class=\"e-con-inner\">\n\t\t\t\t<div class=\"elementor-element elementor-element-bc7f9cd elementor-widget elementor-widget-heading\" data-id=\"bc7f9cd\" data-element_type=\"widget\" data-e-type=\"widget\" data-widget_type=\"heading.default\">\n\t\t\t\t<div class=\"elementor-widget-container\">\n\t\t\t\t\t<h2 class=\"elementor-heading-title elementor-size-default\">Danke - wir sind dabei.<\/h2>\t\t\t\t<\/div>\n\t\t\t\t<\/div>\n\t\t\t\t<div class=\"elementor-element elementor-element-1b2005d elementor-widget elementor-widget-text-editor\" data-id=\"1b2005d\" data-element_type=\"widget\" data-e-type=\"widget\" data-widget_type=\"text-editor.default\">\n\t\t\t\t<div class=\"elementor-widget-container\">\n\t\t\t\t\t\t\t\t\t<p>Ihre Anfrage f\u00fcr Edge ADC-Preise ist bei uns eingegangen. Unser Team wird Sie in K\u00fcrze kontaktieren, um die n\u00e4chsten Schritte zu vereinbaren. <br><br data-start=\"1228\" data-end=\"1231\">Behalten Sie Ihren Posteingang im Auge und \u00fcberpr\u00fcfen Sie vorsichtshalber Ihren Spam-Ordner.<\/p>\t\t\t\t\t\t\t\t<\/div>\n\t\t\t\t<\/div>\n\t\t\t\t\t<\/div>\n\t\t\t\t<\/div>\n\t\t\t\t<\/div>\n\t\t","protected":false},"excerpt":{"rendered":"<p>Danke &#8211; wir sind dabei. Ihre Anfrage f\u00fcr Edge ADC-Preise ist bei uns eingegangen. Unser Team wird Sie in K\u00fcrze kontaktieren, um die n\u00e4chsten Schritte zu vereinbaren. Behalten Sie Ihren Posteingang im Auge und \u00fcberpr\u00fcfen Sie vorsichtshalber Ihren Spam-Ordner.<\/p>\n","protected":false},"author":42,"featured_media":0,"parent":0,"menu_order":0,"comment_status":"closed","ping_status":"closed","template":"elementor_header_footer","meta":{"inline_featured_image":false,"footnotes":""},"class_list":["post-65532","page","type-page","status-publish","hentry"],"yoast_head":"<!-- This site is optimized with the Yoast SEO Premium plugin v25.1 (Yoast SEO v27.1.1) - https:\/\/yoast.com\/product\/yoast-seo-premium-wordpress\/ -->\n<title>ADC Preisgestaltung Erfolg - Edgenexus load balancers and Application Security<\/title>\n<meta name=\"robots\" content=\"index, follow, max-snippet:-1, max-image-preview:large, max-video-preview:-1\" \/>\n<link rel=\"canonical\" href=\"https:\/\/www.edgenexus.io\/de\/adc-preisgestaltung-erfolg\/\" \/>\n<script type=\"application\/ld+json\" class=\"yoast-schema-graph\">{\"@context\":\"https:\/\/schema.org\",\"@graph\":[{\"@type\":\"WebPage\",\"@id\":\"https:\/\/www.edgenexus.io\/de\/adc-preisgestaltung-erfolg\/\",\"url\":\"https:\/\/www.edgenexus.io\/de\/adc-preisgestaltung-erfolg\/\",\"name\":\"ADC Preisgestaltung Erfolg - Edgenexus load balancers and Application Security\",\"isPartOf\":{\"@id\":\"https:\/\/www.edgenexus.io\/zh-hans\/#website\"},\"datePublished\":\"2025-10-21T10:44:22+00:00\",\"dateModified\":\"2025-10-21T10:44:24+00:00\",\"breadcrumb\":{\"@id\":\"https:\/\/www.edgenexus.io\/de\/adc-preisgestaltung-erfolg\/#breadcrumb\"},\"inLanguage\":\"de\",\"potentialAction\":[{\"@type\":\"ReadAction\",\"target\":[\"https:\/\/www.edgenexus.io\/de\/adc-preisgestaltung-erfolg\/\"]}]},{\"@type\":\"BreadcrumbList\",\"@id\":\"https:\/\/www.edgenexus.io\/de\/adc-preisgestaltung-erfolg\/#breadcrumb\",\"itemListElement\":[{\"@type\":\"ListItem\",\"position\":1,\"name\":\"Home\",\"item\":\"https:\/\/www.edgenexus.io\/de\/edgenexus-load-balancing-adc-waf-und-gslb\/\"},{\"@type\":\"ListItem\",\"position\":2,\"name\":\"ADC Preisgestaltung Erfolg\"}]},{\"@type\":\"WebSite\",\"@id\":\"https:\/\/www.edgenexus.io\/zh-hans\/#website\",\"url\":\"https:\/\/www.edgenexus.io\/zh-hans\/\",\"name\":\"Edgenexus load balancers and Application Security\",\"description\":\"Edgenexus Load Balancers, ADC and Web application Firewalls (WAF)\",\"publisher\":{\"@id\":\"https:\/\/www.edgenexus.io\/zh-hans\/#organization\"},\"alternateName\":\"Load balancers and Web application firewall\",\"potentialAction\":[{\"@type\":\"SearchAction\",\"target\":{\"@type\":\"EntryPoint\",\"urlTemplate\":\"https:\/\/www.edgenexus.io\/zh-hans\/?s={search_term_string}\"},\"query-input\":{\"@type\":\"PropertyValueSpecification\",\"valueRequired\":true,\"valueName\":\"search_term_string\"}}],\"inLanguage\":\"de\"},{\"@type\":\"Organization\",\"@id\":\"https:\/\/www.edgenexus.io\/zh-hans\/#organization\",\"name\":\"Edgenexus\",\"url\":\"https:\/\/www.edgenexus.io\/zh-hans\/\",\"logo\":{\"@type\":\"ImageObject\",\"inLanguage\":\"de\",\"@id\":\"https:\/\/www.edgenexus.io\/zh-hans\/#\/schema\/logo\/image\/\",\"url\":\"https:\/\/www.edgenexus.io\/wp-content\/uploads\/2023\/09\/edgenexus-adc-sq-transparentAsset-7.png\",\"contentUrl\":\"https:\/\/www.edgenexus.io\/wp-content\/uploads\/2023\/09\/edgenexus-adc-sq-transparentAsset-7.png\",\"width\":903,\"height\":921,\"caption\":\"Edgenexus\"},\"image\":{\"@id\":\"https:\/\/www.edgenexus.io\/zh-hans\/#\/schema\/logo\/image\/\"},\"sameAs\":[\"https:\/\/www.facebook.com\/edgenexusio\",\"https:\/\/x.com\/edgenexusio\",\"https:\/\/www.linkedin.com\/company\/edgenexus\/\"]}]}<\/script>\n<!-- \/ Yoast SEO Premium plugin. -->","yoast_head_json":{"title":"ADC Preisgestaltung Erfolg - Edgenexus load balancers and Application Security","robots":{"index":"index","follow":"follow","max-snippet":"max-snippet:-1","max-image-preview":"max-image-preview:large","max-video-preview":"max-video-preview:-1"},"canonical":"https:\/\/www.edgenexus.io\/de\/adc-preisgestaltung-erfolg\/","schema":{"@context":"https:\/\/schema.org","@graph":[{"@type":"WebPage","@id":"https:\/\/www.edgenexus.io\/de\/adc-preisgestaltung-erfolg\/","url":"https:\/\/www.edgenexus.io\/de\/adc-preisgestaltung-erfolg\/","name":"ADC Preisgestaltung Erfolg - Edgenexus load balancers and Application Security","isPartOf":{"@id":"https:\/\/www.edgenexus.io\/zh-hans\/#website"},"datePublished":"2025-10-21T10:44:22+00:00","dateModified":"2025-10-21T10:44:24+00:00","breadcrumb":{"@id":"https:\/\/www.edgenexus.io\/de\/adc-preisgestaltung-erfolg\/#breadcrumb"},"inLanguage":"de","potentialAction":[{"@type":"ReadAction","target":["https:\/\/www.edgenexus.io\/de\/adc-preisgestaltung-erfolg\/"]}]},{"@type":"BreadcrumbList","@id":"https:\/\/www.edgenexus.io\/de\/adc-preisgestaltung-erfolg\/#breadcrumb","itemListElement":[{"@type":"ListItem","position":1,"name":"Home","item":"https:\/\/www.edgenexus.io\/de\/edgenexus-load-balancing-adc-waf-und-gslb\/"},{"@type":"ListItem","position":2,"name":"ADC Preisgestaltung Erfolg"}]},{"@type":"WebSite","@id":"https:\/\/www.edgenexus.io\/zh-hans\/#website","url":"https:\/\/www.edgenexus.io\/zh-hans\/","name":"Edgenexus load balancers and Application Security","description":"Edgenexus Load Balancers, ADC and Web application Firewalls (WAF)","publisher":{"@id":"https:\/\/www.edgenexus.io\/zh-hans\/#organization"},"alternateName":"Load balancers and Web application firewall","potentialAction":[{"@type":"SearchAction","target":{"@type":"EntryPoint","urlTemplate":"https:\/\/www.edgenexus.io\/zh-hans\/?s={search_term_string}"},"query-input":{"@type":"PropertyValueSpecification","valueRequired":true,"valueName":"search_term_string"}}],"inLanguage":"de"},{"@type":"Organization","@id":"https:\/\/www.edgenexus.io\/zh-hans\/#organization","name":"Edgenexus","url":"https:\/\/www.edgenexus.io\/zh-hans\/","logo":{"@type":"ImageObject","inLanguage":"de","@id":"https:\/\/www.edgenexus.io\/zh-hans\/#\/schema\/logo\/image\/","url":"https:\/\/www.edgenexus.io\/wp-content\/uploads\/2023\/09\/edgenexus-adc-sq-transparentAsset-7.png","contentUrl":"https:\/\/www.edgenexus.io\/wp-content\/uploads\/2023\/09\/edgenexus-adc-sq-transparentAsset-7.png","width":903,"height":921,"caption":"Edgenexus"},"image":{"@id":"https:\/\/www.edgenexus.io\/zh-hans\/#\/schema\/logo\/image\/"},"sameAs":["https:\/\/www.facebook.com\/edgenexusio","https:\/\/x.com\/edgenexusio","https:\/\/www.linkedin.com\/company\/edgenexus\/"]}]}},"_links":{"self":[{"href":"https:\/\/www.edgenexus.io\/de\/wp-json\/wp\/v2\/pages\/65532","targetHints":{"allow":["GET"]}}],"collection":[{"href":"https:\/\/www.edgenexus.io\/de\/wp-json\/wp\/v2\/pages"}],"about":[{"href":"https:\/\/www.edgenexus.io\/de\/wp-json\/wp\/v2\/types\/page"}],"author":[{"embeddable":true,"href":"https:\/\/www.edgenexus.io\/de\/wp-json\/wp\/v2\/users\/42"}],"replies":[{"embeddable":true,"href":"https:\/\/www.edgenexus.io\/de\/wp-json\/wp\/v2\/comments?post=65532"}],"version-history":[{"count":1,"href":"https:\/\/www.edgenexus.io\/de\/wp-json\/wp\/v2\/pages\/65532\/revisions"}],"predecessor-version":[{"id":65534,"href":"https:\/\/www.edgenexus.io\/de\/wp-json\/wp\/v2\/pages\/65532\/revisions\/65534"}],"wp:attachment":[{"href":"https:\/\/www.edgenexus.io\/de\/wp-json\/wp\/v2\/media?parent=65532"}],"curies":[{"name":"wp","href":"https:\/\/api.w.org\/{rel}","templated":true}]}}